{"id":44487,"date":"2024-12-18T21:52:57","date_gmt":"2024-12-18T20:52:57","guid":{"rendered":"http:\/\/ninainvalentin.si\/izdelek\/zivahno-srce\/"},"modified":"2026-04-18T20:24:39","modified_gmt":"2026-04-18T18:24:39","slug":"a-lively-heart-frische-rosen","status":"publish","type":"product","link":"https:\/\/ninainvalentin.si\/de\/produkt\/a-lively-heart-frische-rosen\/","title":{"rendered":"A Lively Heart (frische Rosen)"},"content":{"rendered":"<p><strong>Bitte beachte die folgenden Anweisungen f\u00fcr eine l\u00e4ngere Haltbarkeit des Arrangements:<\/strong><\/p>\n<ul>\n<li>Gie\u00dfe jeden zweiten Tag etwas Wasser in die Mitte des Bucket of Love (nicht \u00fcber die Bl\u00fcten), damit der Schwamm feucht wird.<\/li>\n<li>Bewahre den Bucket of Love bei einer Temperatur zwischen 18 \u00b0C und 22 \u00b0C auf.<\/li>\n<li>Das Arrangement sollte nicht direktem Sonnenlicht oder laufenden Heiz- und Klimaanlagen ausgesetzt werden.<\/li>\n<li>Rosen sind empfindlich, daher behandeln Sie sie mit Sorgfalt.<\/li>\n<\/ul>\n","protected":false},"excerpt":{"rendered":"<p>Das Arrangement auf dem Bild enth\u00e4lt etwa 15 frische Rosen von bester Qualit\u00e4t, die Ihren Angeh\u00f6rigen erfreuen werden.<\/p>\n<p>Handgemachte Bucket of Love-Schachtel mit einem Durchmesser von 16 cm.<\/p>\n","protected":false},"featured_media":43739,"template":"","meta":{"_acf_changed":false},"barva-skatle":[1028],"izbrana-darila":[],"oblika-skatle":[1026],"vrsta-cvetja":[],"product_brand":[],"product_cat":[837,862],"product_tag":[908],"class_list":{"0":"post-44487","1":"product","2":"type-product","3":"status-publish","4":"has-post-thumbnail","6":"barva-skatle-weiss","7":"oblika-skatle-rund","8":"product_cat-bucket-of-love","9":"product_cat-frische-arrangements","10":"product_tag-gelb","12":"first","13":"instock","14":"taxable","15":"shipping-taxable","16":"purchasable","17":"product-type-variable"},"acf":[],"gallery_images":[],"_links":{"self":[{"href":"https:\/\/ninainvalentin.si\/de\/wp-json\/wp\/v2\/product\/44487","targetHints":{"allow":["GET"]}}],"collection":[{"href":"https:\/\/ninainvalentin.si\/de\/wp-json\/wp\/v2\/product"}],"about":[{"href":"https:\/\/ninainvalentin.si\/de\/wp-json\/wp\/v2\/types\/product"}],"wp:featuredmedia":[{"embeddable":true,"href":"https:\/\/ninainvalentin.si\/de\/wp-json\/wp\/v2\/media\/43739"}],"wp:attachment":[{"href":"https:\/\/ninainvalentin.si\/de\/wp-json\/wp\/v2\/media?parent=44487"}],"wp:term":[{"taxonomy":"barva-skatle","embeddable":true,"href":"https:\/\/ninainvalentin.si\/de\/wp-json\/wp\/v2\/barva-skatle?post=44487"},{"taxonomy":"izbrana-darila","embeddable":true,"href":"https:\/\/ninainvalentin.si\/de\/wp-json\/wp\/v2\/izbrana-darila?post=44487"},{"taxonomy":"oblika-skatle","embeddable":true,"href":"https:\/\/ninainvalentin.si\/de\/wp-json\/wp\/v2\/oblika-skatle?post=44487"},{"taxonomy":"vrsta-cvetja","embeddable":true,"href":"https:\/\/ninainvalentin.si\/de\/wp-json\/wp\/v2\/vrsta-cvetja?post=44487"},{"taxonomy":"product_brand","embeddable":true,"href":"https:\/\/ninainvalentin.si\/de\/wp-json\/wp\/v2\/product_brand?post=44487"},{"taxonomy":"product_cat","embeddable":true,"href":"https:\/\/ninainvalentin.si\/de\/wp-json\/wp\/v2\/product_cat?post=44487"},{"taxonomy":"product_tag","embeddable":true,"href":"https:\/\/ninainvalentin.si\/de\/wp-json\/wp\/v2\/product_tag?post=44487"}],"curies":[{"name":"wp","href":"https:\/\/api.w.org\/{rel}","templated":true}]}}